{"id":1263,"date":"2023-10-09T18:45:20","date_gmt":"2023-10-09T16:45:20","guid":{"rendered":"https:\/\/optimaldruk.com\/?post_type=product&#038;p=1263"},"modified":"2024-02-06T13:39:24","modified_gmt":"2024-02-06T12:39:24","slug":"plyta-dvd-r-47gb-z-nadrukiem-cyfrowym-uv-10-szt","status":"publish","type":"product","link":"https:\/\/optimaldruk.com\/?product=plyta-dvd-r-47gb-z-nadrukiem-cyfrowym-uv-10-szt","title":{"rendered":"P\u0142yta DVD-R 4,7GB z nadrukiem cyfrowym UV 10 szt."},"content":{"rendered":"<p><strong>P\u0142yta DVD-R 4,7GB z nadrukiem cyfrowym UV 10 szt.<\/strong><\/p>\n<p><em>Zdj\u0119cie pogl\u0105dowe pokazuj\u0105ce mo\u017cliwo\u015bci zadruku p\u0142yty<\/em><\/p>\n<p>Gotowa do nagrania p\u0142yta DVD-R 700Mb, wykorzystywana do archiwizowania danych takich jak np. zdj\u0119cia rentgenowskie, rozliczenia, prezentacji firmowych, filmu oraz w \u015bwiecie filmu<\/p>\n","protected":false},"excerpt":{"rendered":"<p>Klikaj\u0105c kup teraz kupujesz\u00a0<strong> 10 szt.<\/strong> p\u0142yt dvd-r 4,7Gb z nadrukiem.<\/p>\n<p>P\u0142yty s\u0105 czyste, gotowe do nagrania zawarto\u015bci, pole zadruku wynosi 121mm. W wiadomo\u015bci mailowej prosz\u0119 o podanie nr zam\u00f3wienia oraz przes\u0142anie projektu graficznego. Czas realizacji zam\u00f3wienia ju\u017c od 24 h!!!<\/p>\n","protected":false},"featured_media":1186,"comment_status":"closed","ping_status":"closed","template":"","meta":{"_kadence_starter_templates_imported_post":false,"_kad_post_transparent":"default","_kad_post_title":"","_kad_post_layout":"default","_kad_post_sidebar_id":"","_kad_post_content_style":"default","_kad_post_vertical_padding":"default","_kad_post_feature":"","_kad_post_feature_position":"","_kad_post_header":false,"_kad_post_footer":false},"product_brand":[],"product_cat":[26],"product_tag":[],"class_list":{"0":"post-1263","1":"product","2":"type-product","3":"status-publish","4":"has-post-thumbnail","6":"product_cat-dvd-r","8":"first","9":"instock","10":"taxable","11":"shipping-taxable","12":"purchasable","13":"product-type-simple","14":"entry","15":"content-bg","16":"loop-entry"},"yoast_head":"<!-- This site is optimized with the Yoast SEO plugin v27.2 - https:\/\/yoast.com\/product\/yoast-seo-wordpress\/ -->\n<title>P\u0142yta DVD-R 4,7GB z nadrukiem cyfrowym UV 10 szt. - OptimalDruk<\/title>\n<meta name=\"description\" content=\"Nadruk na p\u0142ytach cd; Nadruk na p\u0142ytach dvd; druk ulotek; druk na koszulkach; koszulki z nadrukiem; Opakowania na cd; Drukarnia cyfrowa; Druk kalendarzy; Druk ulotek; Nadruk na PCV; Nadruk na drewnie; Nadruk na bluzach\" \/>\n<meta name=\"robots\" content=\"index, follow, max-snippet:-1, max-image-preview:large, max-video-preview:-1\" \/>\n<link rel=\"canonical\" href=\"https:\/\/optimaldruk.com\/?product=plyta-dvd-r-47gb-z-nadrukiem-cyfrowym-uv-10-szt\" \/>\n<meta property=\"og:locale\" content=\"pl_PL\" \/>\n<meta property=\"og:type\" content=\"article\" \/>\n<meta property=\"og:title\" content=\"P\u0142yta DVD-R 4,7GB z nadrukiem cyfrowym UV 10 szt. - OptimalDruk\" \/>\n<meta property=\"og:description\" content=\"Nadruk na p\u0142ytach cd; Nadruk na p\u0142ytach dvd; druk ulotek; druk na koszulkach; koszulki z nadrukiem; Opakowania na cd; Drukarnia cyfrowa; Druk kalendarzy; Druk ulotek; Nadruk na PCV; Nadruk na drewnie; Nadruk na bluzach\" \/>\n<meta property=\"og:url\" content=\"https:\/\/optimaldruk.com\/?product=plyta-dvd-r-47gb-z-nadrukiem-cyfrowym-uv-10-szt\" \/>\n<meta property=\"og:site_name\" content=\"OptimalDruk\" \/>\n<meta property=\"article:modified_time\" content=\"2024-02-06T12:39:24+00:00\" \/>\n<meta property=\"og:image\" content=\"https:\/\/optimaldruk.com\/wp-content\/uploads\/2023\/10\/dvd.jpg\" \/>\n\t<meta property=\"og:image:width\" content=\"601\" \/>\n\t<meta property=\"og:image:height\" content=\"461\" \/>\n\t<meta property=\"og:image:type\" content=\"image\/jpeg\" \/>\n<meta name=\"twitter:card\" content=\"summary_large_image\" \/>\n<script type=\"application\/ld+json\" class=\"yoast-schema-graph\">{\"@context\":\"https:\/\/schema.org\",\"@graph\":[{\"@type\":\"WebPage\",\"@id\":\"https:\/\/optimaldruk.com\/?product=plyta-dvd-r-47gb-z-nadrukiem-cyfrowym-uv-10-szt\",\"url\":\"https:\/\/optimaldruk.com\/?product=plyta-dvd-r-47gb-z-nadrukiem-cyfrowym-uv-10-szt\",\"name\":\"P\u0142yta DVD-R 4,7GB z nadrukiem cyfrowym UV 10 szt. - OptimalDruk\",\"isPartOf\":{\"@id\":\"https:\/\/optimaldruk.com\/#website\"},\"primaryImageOfPage\":{\"@id\":\"https:\/\/optimaldruk.com\/?product=plyta-dvd-r-47gb-z-nadrukiem-cyfrowym-uv-10-szt#primaryimage\"},\"image\":{\"@id\":\"https:\/\/optimaldruk.com\/?product=plyta-dvd-r-47gb-z-nadrukiem-cyfrowym-uv-10-szt#primaryimage\"},\"thumbnailUrl\":\"https:\/\/optimaldruk.com\/wp-content\/uploads\/2023\/10\/dvd.jpg\",\"datePublished\":\"2023-10-09T16:45:20+00:00\",\"dateModified\":\"2024-02-06T12:39:24+00:00\",\"description\":\"Nadruk na p\u0142ytach cd; Nadruk na p\u0142ytach dvd; druk ulotek; druk na koszulkach; koszulki z nadrukiem; Opakowania na cd; Drukarnia cyfrowa; Druk kalendarzy; Druk ulotek; Nadruk na PCV; Nadruk na drewnie; Nadruk na bluzach\",\"breadcrumb\":{\"@id\":\"https:\/\/optimaldruk.com\/?product=plyta-dvd-r-47gb-z-nadrukiem-cyfrowym-uv-10-szt#breadcrumb\"},\"inLanguage\":\"pl-PL\",\"potentialAction\":[{\"@type\":\"ReadAction\",\"target\":[\"https:\/\/optimaldruk.com\/?product=plyta-dvd-r-47gb-z-nadrukiem-cyfrowym-uv-10-szt\"]}]},{\"@type\":\"ImageObject\",\"inLanguage\":\"pl-PL\",\"@id\":\"https:\/\/optimaldruk.com\/?product=plyta-dvd-r-47gb-z-nadrukiem-cyfrowym-uv-10-szt#primaryimage\",\"url\":\"https:\/\/optimaldruk.com\/wp-content\/uploads\/2023\/10\/dvd.jpg\",\"contentUrl\":\"https:\/\/optimaldruk.com\/wp-content\/uploads\/2023\/10\/dvd.jpg\",\"width\":601,\"height\":461},{\"@type\":\"BreadcrumbList\",\"@id\":\"https:\/\/optimaldruk.com\/?product=plyta-dvd-r-47gb-z-nadrukiem-cyfrowym-uv-10-szt#breadcrumb\",\"itemListElement\":[{\"@type\":\"ListItem\",\"position\":1,\"name\":\"Strona g\u0142\u00f3wna\",\"item\":\"https:\/\/optimaldruk.com\/\"},{\"@type\":\"ListItem\",\"position\":2,\"name\":\"Sklep\",\"item\":\"https:\/\/optimaldruk.com\/?page_id=1134\"},{\"@type\":\"ListItem\",\"position\":3,\"name\":\"P\u0142yta DVD-R 4,7GB z nadrukiem cyfrowym UV 10 szt.\"}]},{\"@type\":\"WebSite\",\"@id\":\"https:\/\/optimaldruk.com\/#website\",\"url\":\"https:\/\/optimaldruk.com\/\",\"name\":\"OptimalDruk\",\"description\":\"Drukarnia cyfrowa nadruk na p\u0142ytach cd-r, dvd-r, nadruk na koszulkach, poligrafia, druk na drewnie, metalu, PCV\",\"publisher\":{\"@id\":\"https:\/\/optimaldruk.com\/#organization\"},\"alternateName\":\"Internetowa Drukarnia Cyfrowa\",\"potentialAction\":[{\"@type\":\"SearchAction\",\"target\":{\"@type\":\"EntryPoint\",\"urlTemplate\":\"https:\/\/optimaldruk.com\/?s={search_term_string}\"},\"query-input\":{\"@type\":\"PropertyValueSpecification\",\"valueRequired\":true,\"valueName\":\"search_term_string\"}}],\"inLanguage\":\"pl-PL\"},{\"@type\":\"Organization\",\"@id\":\"https:\/\/optimaldruk.com\/#organization\",\"name\":\"OptimalDruk\",\"alternateName\":\"Internetowa Drukarnia Cyfrowa\",\"url\":\"https:\/\/optimaldruk.com\/\",\"logo\":{\"@type\":\"ImageObject\",\"inLanguage\":\"pl-PL\",\"@id\":\"https:\/\/optimaldruk.com\/#\/schema\/logo\/image\/\",\"url\":\"https:\/\/optimaldruk.com\/wp-content\/uploads\/2023\/10\/logo-glebia-male.jpg\",\"contentUrl\":\"https:\/\/optimaldruk.com\/wp-content\/uploads\/2023\/10\/logo-glebia-male.jpg\",\"width\":157,\"height\":157,\"caption\":\"OptimalDruk\"},\"image\":{\"@id\":\"https:\/\/optimaldruk.com\/#\/schema\/logo\/image\/\"}}]}<\/script>\n<!-- \/ Yoast SEO plugin. -->","yoast_head_json":{"title":"P\u0142yta DVD-R 4,7GB z nadrukiem cyfrowym UV 10 szt. - OptimalDruk","description":"Nadruk na p\u0142ytach cd; Nadruk na p\u0142ytach dvd; druk ulotek; druk na koszulkach; koszulki z nadrukiem; Opakowania na cd; Drukarnia cyfrowa; Druk kalendarzy; Druk ulotek; Nadruk na PCV; Nadruk na drewnie; Nadruk na bluzach","robots":{"index":"index","follow":"follow","max-snippet":"max-snippet:-1","max-image-preview":"max-image-preview:large","max-video-preview":"max-video-preview:-1"},"canonical":"https:\/\/optimaldruk.com\/?product=plyta-dvd-r-47gb-z-nadrukiem-cyfrowym-uv-10-szt","og_locale":"pl_PL","og_type":"article","og_title":"P\u0142yta DVD-R 4,7GB z nadrukiem cyfrowym UV 10 szt. - OptimalDruk","og_description":"Nadruk na p\u0142ytach cd; Nadruk na p\u0142ytach dvd; druk ulotek; druk na koszulkach; koszulki z nadrukiem; Opakowania na cd; Drukarnia cyfrowa; Druk kalendarzy; Druk ulotek; Nadruk na PCV; Nadruk na drewnie; Nadruk na bluzach","og_url":"https:\/\/optimaldruk.com\/?product=plyta-dvd-r-47gb-z-nadrukiem-cyfrowym-uv-10-szt","og_site_name":"OptimalDruk","article_modified_time":"2024-02-06T12:39:24+00:00","og_image":[{"width":601,"height":461,"url":"https:\/\/optimaldruk.com\/wp-content\/uploads\/2023\/10\/dvd.jpg","type":"image\/jpeg"}],"twitter_card":"summary_large_image","schema":{"@context":"https:\/\/schema.org","@graph":[{"@type":"WebPage","@id":"https:\/\/optimaldruk.com\/?product=plyta-dvd-r-47gb-z-nadrukiem-cyfrowym-uv-10-szt","url":"https:\/\/optimaldruk.com\/?product=plyta-dvd-r-47gb-z-nadrukiem-cyfrowym-uv-10-szt","name":"P\u0142yta DVD-R 4,7GB z nadrukiem cyfrowym UV 10 szt. - OptimalDruk","isPartOf":{"@id":"https:\/\/optimaldruk.com\/#website"},"primaryImageOfPage":{"@id":"https:\/\/optimaldruk.com\/?product=plyta-dvd-r-47gb-z-nadrukiem-cyfrowym-uv-10-szt#primaryimage"},"image":{"@id":"https:\/\/optimaldruk.com\/?product=plyta-dvd-r-47gb-z-nadrukiem-cyfrowym-uv-10-szt#primaryimage"},"thumbnailUrl":"https:\/\/optimaldruk.com\/wp-content\/uploads\/2023\/10\/dvd.jpg","datePublished":"2023-10-09T16:45:20+00:00","dateModified":"2024-02-06T12:39:24+00:00","description":"Nadruk na p\u0142ytach cd; Nadruk na p\u0142ytach dvd; druk ulotek; druk na koszulkach; koszulki z nadrukiem; Opakowania na cd; Drukarnia cyfrowa; Druk kalendarzy; Druk ulotek; Nadruk na PCV; Nadruk na drewnie; Nadruk na bluzach","breadcrumb":{"@id":"https:\/\/optimaldruk.com\/?product=plyta-dvd-r-47gb-z-nadrukiem-cyfrowym-uv-10-szt#breadcrumb"},"inLanguage":"pl-PL","potentialAction":[{"@type":"ReadAction","target":["https:\/\/optimaldruk.com\/?product=plyta-dvd-r-47gb-z-nadrukiem-cyfrowym-uv-10-szt"]}]},{"@type":"ImageObject","inLanguage":"pl-PL","@id":"https:\/\/optimaldruk.com\/?product=plyta-dvd-r-47gb-z-nadrukiem-cyfrowym-uv-10-szt#primaryimage","url":"https:\/\/optimaldruk.com\/wp-content\/uploads\/2023\/10\/dvd.jpg","contentUrl":"https:\/\/optimaldruk.com\/wp-content\/uploads\/2023\/10\/dvd.jpg","width":601,"height":461},{"@type":"BreadcrumbList","@id":"https:\/\/optimaldruk.com\/?product=plyta-dvd-r-47gb-z-nadrukiem-cyfrowym-uv-10-szt#breadcrumb","itemListElement":[{"@type":"ListItem","position":1,"name":"Strona g\u0142\u00f3wna","item":"https:\/\/optimaldruk.com\/"},{"@type":"ListItem","position":2,"name":"Sklep","item":"https:\/\/optimaldruk.com\/?page_id=1134"},{"@type":"ListItem","position":3,"name":"P\u0142yta DVD-R 4,7GB z nadrukiem cyfrowym UV 10 szt."}]},{"@type":"WebSite","@id":"https:\/\/optimaldruk.com\/#website","url":"https:\/\/optimaldruk.com\/","name":"OptimalDruk","description":"Drukarnia cyfrowa nadruk na p\u0142ytach cd-r, dvd-r, nadruk na koszulkach, poligrafia, druk na drewnie, metalu, PCV","publisher":{"@id":"https:\/\/optimaldruk.com\/#organization"},"alternateName":"Internetowa Drukarnia Cyfrowa","potentialAction":[{"@type":"SearchAction","target":{"@type":"EntryPoint","urlTemplate":"https:\/\/optimaldruk.com\/?s={search_term_string}"},"query-input":{"@type":"PropertyValueSpecification","valueRequired":true,"valueName":"search_term_string"}}],"inLanguage":"pl-PL"},{"@type":"Organization","@id":"https:\/\/optimaldruk.com\/#organization","name":"OptimalDruk","alternateName":"Internetowa Drukarnia Cyfrowa","url":"https:\/\/optimaldruk.com\/","logo":{"@type":"ImageObject","inLanguage":"pl-PL","@id":"https:\/\/optimaldruk.com\/#\/schema\/logo\/image\/","url":"https:\/\/optimaldruk.com\/wp-content\/uploads\/2023\/10\/logo-glebia-male.jpg","contentUrl":"https:\/\/optimaldruk.com\/wp-content\/uploads\/2023\/10\/logo-glebia-male.jpg","width":157,"height":157,"caption":"OptimalDruk"},"image":{"@id":"https:\/\/optimaldruk.com\/#\/schema\/logo\/image\/"}}]}},"jetpack_sharing_enabled":true,"_links":{"self":[{"href":"https:\/\/optimaldruk.com\/index.php?rest_route=\/wp\/v2\/product\/1263","targetHints":{"allow":["GET"]}}],"collection":[{"href":"https:\/\/optimaldruk.com\/index.php?rest_route=\/wp\/v2\/product"}],"about":[{"href":"https:\/\/optimaldruk.com\/index.php?rest_route=\/wp\/v2\/types\/product"}],"replies":[{"embeddable":true,"href":"https:\/\/optimaldruk.com\/index.php?rest_route=%2Fwp%2Fv2%2Fcomments&post=1263"}],"wp:featuredmedia":[{"embeddable":true,"href":"https:\/\/optimaldruk.com\/index.php?rest_route=\/wp\/v2\/media\/1186"}],"wp:attachment":[{"href":"https:\/\/optimaldruk.com\/index.php?rest_route=%2Fwp%2Fv2%2Fmedia&parent=1263"}],"wp:term":[{"taxonomy":"product_brand","embeddable":true,"href":"https:\/\/optimaldruk.com\/index.php?rest_route=%2Fwp%2Fv2%2Fproduct_brand&post=1263"},{"taxonomy":"product_cat","embeddable":true,"href":"https:\/\/optimaldruk.com\/index.php?rest_route=%2Fwp%2Fv2%2Fproduct_cat&post=1263"},{"taxonomy":"product_tag","embeddable":true,"href":"https:\/\/optimaldruk.com\/index.php?rest_route=%2Fwp%2Fv2%2Fproduct_tag&post=1263"}],"curies":[{"name":"wp","href":"https:\/\/api.w.org\/{rel}","templated":true}]}}