{"id":1231,"date":"2023-10-09T17:09:27","date_gmt":"2023-10-09T15:09:27","guid":{"rendered":"https:\/\/optimaldruk.com\/?page_id=1231"},"modified":"2024-03-07T14:10:54","modified_gmt":"2024-03-07T13:10:54","slug":"zegary-magnesy","status":"publish","type":"page","link":"https:\/\/optimaldruk.com\/?page_id=1231","title":{"rendered":"Zegary\/Magnesy"},"content":{"rendered":"\t\t<div data-elementor-type=\"wp-page\" data-elementor-id=\"1231\" class=\"elementor elementor-1231\">\n\t\t\t\t<div class=\"elementor-element elementor-element-42e7b5b e-flex e-con-boxed e-con e-parent\" data-id=\"42e7b5b\" data-element_type=\"container\" data-e-type=\"container\">\n\t\t\t\t\t<div class=\"e-con-inner\">\n\t\t\t\t<div class=\"elementor-element elementor-element-a2198dd elementor-widget__width-inherit elementor-widget elementor-widget-text-editor\" data-id=\"a2198dd\" data-element_type=\"widget\" data-e-type=\"widget\" data-widget_type=\"text-editor.default\">\n\t\t\t\t<div class=\"elementor-widget-container\">\n\t\t\t\t\t\t\t\t\t<p><strong>Zegary \/ Magnesy \/ Podk\u0142adki<\/strong><\/p>\t\t\t\t\t\t\t\t<\/div>\n\t\t\t\t<\/div>\n\t\t\t\t\t<\/div>\n\t\t\t\t<\/div>\n\t\t<div class=\"elementor-element elementor-element-217efdf e-flex e-con-boxed e-con e-parent\" data-id=\"217efdf\" data-element_type=\"container\" data-e-type=\"container\">\n\t\t\t\t\t<div class=\"e-con-inner\">\n\t\t<div class=\"elementor-element elementor-element-e276ecf e-con-full e-flex e-con e-child\" data-id=\"e276ecf\" data-element_type=\"container\" data-e-type=\"container\">\n\t\t\t\t<div class=\"elementor-element elementor-element-3e3597f elementor-align-center elementor-widget elementor-widget-button\" data-id=\"3e3597f\" data-element_type=\"widget\" data-e-type=\"widget\" data-widget_type=\"button.default\">\n\t\t\t\t<div class=\"elementor-widget-container\">\n\t\t\t\t\t\t\t\t\t<div class=\"elementor-button-wrapper\">\n\t\t\t\t\t<a class=\"elementor-button elementor-button-link elementor-size-lg\" href=\"https:\/\/optimaldruk.com\/?product_cat=zegary\">\n\t\t\t\t\t\t<span class=\"elementor-button-content-wrapper\">\n\t\t\t\t\t\t<span class=\"elementor-button-icon\">\n\t\t\t\t<i aria-hidden=\"true\" class=\"fas fa-shopping-basket\"><\/i>\t\t\t<\/span>\n\t\t\t\t\t\t\t\t\t<span class=\"elementor-button-text\">Przejd\u017a do sklepu<\/span>\n\t\t\t\t\t<\/span>\n\t\t\t\t\t<\/a>\n\t\t\t\t<\/div>\n\t\t\t\t\t\t\t\t<\/div>\n\t\t\t\t<\/div>\n\t\t\t\t<\/div>\n\t\t<div class=\"elementor-element elementor-element-42123b3 e-con-full e-flex e-con e-child\" data-id=\"42123b3\" data-element_type=\"container\" data-e-type=\"container\">\n\t\t\t\t<div class=\"elementor-element elementor-element-b5432d9 elementor-align-center elementor-widget elementor-widget-button\" data-id=\"b5432d9\" data-element_type=\"widget\" data-e-type=\"widget\" data-widget_type=\"button.default\">\n\t\t\t\t<div class=\"elementor-widget-container\">\n\t\t\t\t\t\t\t\t\t<div class=\"elementor-button-wrapper\">\n\t\t\t\t\t<a class=\"elementor-button elementor-button-link elementor-size-lg\" href=\"https:\/\/optimaldruk.com\/?page_id=1445\">\n\t\t\t\t\t\t<span class=\"elementor-button-content-wrapper\">\n\t\t\t\t\t\t<span class=\"elementor-button-icon\">\n\t\t\t\t<i aria-hidden=\"true\" class=\"fas fa-download\"><\/i>\t\t\t<\/span>\n\t\t\t\t\t\t\t\t\t<span class=\"elementor-button-text\">Pobierz szablon<\/span>\n\t\t\t\t\t<\/span>\n\t\t\t\t\t<\/a>\n\t\t\t\t<\/div>\n\t\t\t\t\t\t\t\t<\/div>\n\t\t\t\t<\/div>\n\t\t\t\t<\/div>\n\t\t\t\t\t<\/div>\n\t\t\t\t<\/div>\n\t\t<div class=\"elementor-element elementor-element-ba8f727 e-flex e-con-boxed e-con e-parent\" data-id=\"ba8f727\" data-element_type=\"container\" data-e-type=\"container\">\n\t\t\t\t\t<div class=\"e-con-inner\">\n\t\t\t\t<div class=\"elementor-element elementor-element-e3a4891 elementor-widget elementor-widget-heading\" data-id=\"e3a4891\" data-element_type=\"widget\" data-e-type=\"widget\" data-widget_type=\"heading.default\">\n\t\t\t\t<div class=\"elementor-widget-container\">\n\t\t\t\t\t<h2 class=\"elementor-heading-title elementor-size-default\">Witamy W \n\n\u015awiecie Drewna<\/h2>\t\t\t\t<\/div>\n\t\t\t\t<\/div>\n\t\t\t\t\t<\/div>\n\t\t\t\t<\/div>\n\t\t<div class=\"elementor-element elementor-element-45e07f8 e-flex e-con-boxed e-con e-parent\" data-id=\"45e07f8\" data-element_type=\"container\" data-e-type=\"container\">\n\t\t\t\t\t<div class=\"e-con-inner\">\n\t\t<div class=\"elementor-element elementor-element-6cf8eb3 e-con-full e-flex e-con e-child\" data-id=\"6cf8eb3\" data-element_type=\"container\" data-e-type=\"container\">\n\t\t\t\t<div class=\"elementor-element elementor-element-65e656d elementor-widget elementor-widget-text-editor\" data-id=\"65e656d\" data-element_type=\"widget\" data-e-type=\"widget\" data-widget_type=\"text-editor.default\">\n\t\t\t\t<div class=\"elementor-widget-container\">\n\t\t\t\t\t\t\t\t\t<p>Zapraszamy do zapoznania si\u0119 z nasz\u0105 ofert\u0105 jak\u0105 jest nadruk na plastrach drzewa\/ sklejce o r\u00f3\u017cnych wielko\u015bciach, do grubo\u015bci nie wi\u0119cej ni\u017c 5 cm. Nadruk charakteryzuje si\u0119 g\u0142\u0119bok\u0105 barw\u0105 koloru a w jego obr\u0119bie wida\u0107 naturalne s\u0142oje drewna, co sprawia \u017ce mimo nadruku zostaje naturalna struktura plastra drzewa. Zabezpieczony olejem do drewna spe\u0142niaj\u0105cym wymogi do u\u017cytkowania przy kontaktach z jedzeniem. Zastosowanie takich plastr\u00f3w drewna mo\u017cemy spotka\u0107 w kuchni np. patera do sera, owoc\u00f3w, podk\u0142adki pod kubki, magnesy na lod\u00f3wk\u0119 itp. r\u00f3wnie\u017c wykorzystywany\u00a0 w dekoracjach pomieszcze\u0144 np. obraz, zegar, plaster pami\u0105tkowy.<\/p>\t\t\t\t\t\t\t\t<\/div>\n\t\t\t\t<\/div>\n\t\t\t\t<\/div>\n\t\t<div class=\"elementor-element elementor-element-78ea80a e-con-full e-flex e-con e-child\" data-id=\"78ea80a\" data-element_type=\"container\" data-e-type=\"container\">\n\t\t\t\t<div class=\"elementor-element elementor-element-146d341 elementor-widget elementor-widget-image\" data-id=\"146d341\" data-element_type=\"widget\" data-e-type=\"widget\" data-widget_type=\"image.default\">\n\t\t\t\t<div class=\"elementor-widget-container\">\n\t\t\t\t\t\t\t\t\t\t\t\t\t\t\t<img fetchpriority=\"high\" decoding=\"async\" width=\"600\" height=\"461\" src=\"https:\/\/optimaldruk.com\/wp-content\/uploads\/2023\/10\/zegar-gotowe.jpg\" class=\"attachment-large size-large wp-image-1183\" alt=\"\" \/>\t\t\t\t\t\t\t\t\t\t\t\t\t\t\t<\/div>\n\t\t\t\t<\/div>\n\t\t\t\t<\/div>\n\t\t<div class=\"elementor-element elementor-element-5c593a9 e-con-full e-flex e-con e-child\" data-id=\"5c593a9\" data-element_type=\"container\" data-e-type=\"container\">\n\t\t\t\t<div class=\"elementor-element elementor-element-e2eed47 elementor-widget elementor-widget-image\" data-id=\"e2eed47\" data-element_type=\"widget\" data-e-type=\"widget\" data-widget_type=\"image.default\">\n\t\t\t\t<div class=\"elementor-widget-container\">\n\t\t\t\t\t\t\t\t\t\t\t\t\t\t\t<img decoding=\"async\" width=\"1024\" height=\"986\" src=\"https:\/\/optimaldruk.com\/wp-content\/uploads\/2023\/10\/1-1.jpg\" class=\"attachment-large size-large wp-image-1399\" alt=\"\" \/>\t\t\t\t\t\t\t\t\t\t\t\t\t\t\t<\/div>\n\t\t\t\t<\/div>\n\t\t\t\t<\/div>\n\t\t<div class=\"elementor-element elementor-element-c9930bd e-con-full e-flex e-con e-child\" data-id=\"c9930bd\" data-element_type=\"container\" data-e-type=\"container\">\n\t\t\t\t<div class=\"elementor-element elementor-element-85b66be elementor-widget__width-initial elementor-widget elementor-widget-image\" data-id=\"85b66be\" data-element_type=\"widget\" data-e-type=\"widget\" data-widget_type=\"image.default\">\n\t\t\t\t<div class=\"elementor-widget-container\">\n\t\t\t\t\t\t\t\t\t\t\t\t\t\t\t<img decoding=\"async\" width=\"640\" height=\"360\" src=\"https:\/\/optimaldruk.com\/wp-content\/uploads\/2023\/10\/IMG_1123.jpg\" class=\"attachment-large size-large wp-image-1401\" alt=\"\" \/>\t\t\t\t\t\t\t\t\t\t\t\t\t\t\t<\/div>\n\t\t\t\t<\/div>\n\t\t\t\t<\/div>\n\t\t\t\t\t<\/div>\n\t\t\t\t<\/div>\n\t\t\t\t<\/div>\n\t\t","protected":false},"excerpt":{"rendered":"<p>Zegary \/ Magnesy \/ Podk\u0142adki Przejd\u017a do sklepu Pobierz szablon Witamy W \u015awiecie Drewna Zapraszamy do zapoznania si\u0119 z nasz\u0105 ofert\u0105 jak\u0105 jest nadruk na plastrach drzewa\/ sklejce o r\u00f3\u017cnych wielko\u015bciach, do grubo\u015bci nie wi\u0119cej ni\u017c 5 cm. Nadruk charakteryzuje si\u0119 g\u0142\u0119bok\u0105 barw\u0105 koloru a w jego obr\u0119bie wida\u0107 naturalne s\u0142oje drewna, co sprawia \u017ce&#8230;<\/p>\n","protected":false},"author":1,"featured_media":1401,"parent":0,"menu_order":0,"comment_status":"closed","ping_status":"closed","template":"","meta":{"_kadence_starter_templates_imported_post":false,"_kad_post_transparent":"","_kad_post_title":"hide","_kad_post_layout":"fullwidth","_kad_post_sidebar_id":"","_kad_post_content_style":"unboxed","_kad_post_vertical_padding":"hide","_kad_post_feature":"hide","_kad_post_feature_position":"","_kad_post_header":false,"_kad_post_footer":false,"footnotes":""},"class_list":["post-1231","page","type-page","status-publish","has-post-thumbnail","hentry"],"yoast_head":"<!-- This site is optimized with the Yoast SEO plugin v27.2 - https:\/\/yoast.com\/product\/yoast-seo-wordpress\/ -->\n<title>Zegary\/Magnesy - OptimalDruk<\/title>\n<meta name=\"description\" content=\"Nadruk na plastrach drzewa do grubo\u015bci nie wi\u0119cej ni\u017c 5 cm charakteryzuje si\u0119 g\u0142\u0119bok\u0105 barw\u0105 koloru pozostawiaj\u0105c naturaln\u0105 struktur\u0119 drzewa.\" \/>\n<meta name=\"robots\" content=\"index, follow, max-snippet:-1, max-image-preview:large, max-video-preview:-1\" \/>\n<link rel=\"canonical\" href=\"https:\/\/optimaldruk.com\/?page_id=1231\" \/>\n<meta property=\"og:locale\" content=\"pl_PL\" \/>\n<meta property=\"og:type\" content=\"article\" \/>\n<meta property=\"og:title\" content=\"Zegary\/Magnesy - OptimalDruk\" \/>\n<meta property=\"og:description\" content=\"Nadruk na plastrach drzewa do grubo\u015bci nie wi\u0119cej ni\u017c 5 cm charakteryzuje si\u0119 g\u0142\u0119bok\u0105 barw\u0105 koloru pozostawiaj\u0105c naturaln\u0105 struktur\u0119 drzewa.\" \/>\n<meta property=\"og:url\" content=\"https:\/\/optimaldruk.com\/?page_id=1231\" \/>\n<meta property=\"og:site_name\" content=\"OptimalDruk\" \/>\n<meta property=\"article:modified_time\" content=\"2024-03-07T13:10:54+00:00\" \/>\n<meta property=\"og:image\" content=\"https:\/\/optimaldruk.com\/wp-content\/uploads\/2023\/10\/IMG_1123.jpg\" \/>\n\t<meta property=\"og:image:width\" content=\"640\" \/>\n\t<meta property=\"og:image:height\" content=\"360\" \/>\n\t<meta property=\"og:image:type\" content=\"image\/jpeg\" \/>\n<meta name=\"twitter:card\" content=\"summary_large_image\" \/>\n<meta name=\"twitter:label1\" content=\"Szacowany czas czytania\" \/>\n\t<meta name=\"twitter:data1\" content=\"2 minuty\" \/>\n<script type=\"application\/ld+json\" class=\"yoast-schema-graph\">{\"@context\":\"https:\/\/schema.org\",\"@graph\":[{\"@type\":\"WebPage\",\"@id\":\"https:\/\/optimaldruk.com\/?page_id=1231\",\"url\":\"https:\/\/optimaldruk.com\/?page_id=1231\",\"name\":\"Zegary\/Magnesy - OptimalDruk\",\"isPartOf\":{\"@id\":\"https:\/\/optimaldruk.com\/#website\"},\"primaryImageOfPage\":{\"@id\":\"https:\/\/optimaldruk.com\/?page_id=1231#primaryimage\"},\"image\":{\"@id\":\"https:\/\/optimaldruk.com\/?page_id=1231#primaryimage\"},\"thumbnailUrl\":\"https:\/\/optimaldruk.com\/wp-content\/uploads\/2023\/10\/IMG_1123.jpg\",\"datePublished\":\"2023-10-09T15:09:27+00:00\",\"dateModified\":\"2024-03-07T13:10:54+00:00\",\"description\":\"Nadruk na plastrach drzewa do grubo\u015bci nie wi\u0119cej ni\u017c 5 cm charakteryzuje si\u0119 g\u0142\u0119bok\u0105 barw\u0105 koloru pozostawiaj\u0105c naturaln\u0105 struktur\u0119 drzewa.\",\"breadcrumb\":{\"@id\":\"https:\/\/optimaldruk.com\/?page_id=1231#breadcrumb\"},\"inLanguage\":\"pl-PL\",\"potentialAction\":[{\"@type\":\"ReadAction\",\"target\":[\"https:\/\/optimaldruk.com\/?page_id=1231\"]}]},{\"@type\":\"ImageObject\",\"inLanguage\":\"pl-PL\",\"@id\":\"https:\/\/optimaldruk.com\/?page_id=1231#primaryimage\",\"url\":\"https:\/\/optimaldruk.com\/wp-content\/uploads\/2023\/10\/IMG_1123.jpg\",\"contentUrl\":\"https:\/\/optimaldruk.com\/wp-content\/uploads\/2023\/10\/IMG_1123.jpg\",\"width\":640,\"height\":360},{\"@type\":\"BreadcrumbList\",\"@id\":\"https:\/\/optimaldruk.com\/?page_id=1231#breadcrumb\",\"itemListElement\":[{\"@type\":\"ListItem\",\"position\":1,\"name\":\"Strona g\u0142\u00f3wna\",\"item\":\"https:\/\/optimaldruk.com\/\"},{\"@type\":\"ListItem\",\"position\":2,\"name\":\"Zegary\/Magnesy\"}]},{\"@type\":\"WebSite\",\"@id\":\"https:\/\/optimaldruk.com\/#website\",\"url\":\"https:\/\/optimaldruk.com\/\",\"name\":\"OptimalDruk\",\"description\":\"Drukarnia cyfrowa nadruk na p\u0142ytach cd-r, dvd-r, nadruk na koszulkach, poligrafia, druk na drewnie, metalu, PCV\",\"publisher\":{\"@id\":\"https:\/\/optimaldruk.com\/#organization\"},\"alternateName\":\"Internetowa Drukarnia Cyfrowa\",\"potentialAction\":[{\"@type\":\"SearchAction\",\"target\":{\"@type\":\"EntryPoint\",\"urlTemplate\":\"https:\/\/optimaldruk.com\/?s={search_term_string}\"},\"query-input\":{\"@type\":\"PropertyValueSpecification\",\"valueRequired\":true,\"valueName\":\"search_term_string\"}}],\"inLanguage\":\"pl-PL\"},{\"@type\":\"Organization\",\"@id\":\"https:\/\/optimaldruk.com\/#organization\",\"name\":\"OptimalDruk\",\"alternateName\":\"Internetowa Drukarnia Cyfrowa\",\"url\":\"https:\/\/optimaldruk.com\/\",\"logo\":{\"@type\":\"ImageObject\",\"inLanguage\":\"pl-PL\",\"@id\":\"https:\/\/optimaldruk.com\/#\/schema\/logo\/image\/\",\"url\":\"https:\/\/optimaldruk.com\/wp-content\/uploads\/2023\/10\/logo-glebia-male.jpg\",\"contentUrl\":\"https:\/\/optimaldruk.com\/wp-content\/uploads\/2023\/10\/logo-glebia-male.jpg\",\"width\":157,\"height\":157,\"caption\":\"OptimalDruk\"},\"image\":{\"@id\":\"https:\/\/optimaldruk.com\/#\/schema\/logo\/image\/\"}}]}<\/script>\n<!-- \/ Yoast SEO plugin. -->","yoast_head_json":{"title":"Zegary\/Magnesy - OptimalDruk","description":"Nadruk na plastrach drzewa do grubo\u015bci nie wi\u0119cej ni\u017c 5 cm charakteryzuje si\u0119 g\u0142\u0119bok\u0105 barw\u0105 koloru pozostawiaj\u0105c naturaln\u0105 struktur\u0119 drzewa.","robots":{"index":"index","follow":"follow","max-snippet":"max-snippet:-1","max-image-preview":"max-image-preview:large","max-video-preview":"max-video-preview:-1"},"canonical":"https:\/\/optimaldruk.com\/?page_id=1231","og_locale":"pl_PL","og_type":"article","og_title":"Zegary\/Magnesy - OptimalDruk","og_description":"Nadruk na plastrach drzewa do grubo\u015bci nie wi\u0119cej ni\u017c 5 cm charakteryzuje si\u0119 g\u0142\u0119bok\u0105 barw\u0105 koloru pozostawiaj\u0105c naturaln\u0105 struktur\u0119 drzewa.","og_url":"https:\/\/optimaldruk.com\/?page_id=1231","og_site_name":"OptimalDruk","article_modified_time":"2024-03-07T13:10:54+00:00","og_image":[{"width":640,"height":360,"url":"https:\/\/optimaldruk.com\/wp-content\/uploads\/2023\/10\/IMG_1123.jpg","type":"image\/jpeg"}],"twitter_card":"summary_large_image","twitter_misc":{"Szacowany czas czytania":"2 minuty"},"schema":{"@context":"https:\/\/schema.org","@graph":[{"@type":"WebPage","@id":"https:\/\/optimaldruk.com\/?page_id=1231","url":"https:\/\/optimaldruk.com\/?page_id=1231","name":"Zegary\/Magnesy - OptimalDruk","isPartOf":{"@id":"https:\/\/optimaldruk.com\/#website"},"primaryImageOfPage":{"@id":"https:\/\/optimaldruk.com\/?page_id=1231#primaryimage"},"image":{"@id":"https:\/\/optimaldruk.com\/?page_id=1231#primaryimage"},"thumbnailUrl":"https:\/\/optimaldruk.com\/wp-content\/uploads\/2023\/10\/IMG_1123.jpg","datePublished":"2023-10-09T15:09:27+00:00","dateModified":"2024-03-07T13:10:54+00:00","description":"Nadruk na plastrach drzewa do grubo\u015bci nie wi\u0119cej ni\u017c 5 cm charakteryzuje si\u0119 g\u0142\u0119bok\u0105 barw\u0105 koloru pozostawiaj\u0105c naturaln\u0105 struktur\u0119 drzewa.","breadcrumb":{"@id":"https:\/\/optimaldruk.com\/?page_id=1231#breadcrumb"},"inLanguage":"pl-PL","potentialAction":[{"@type":"ReadAction","target":["https:\/\/optimaldruk.com\/?page_id=1231"]}]},{"@type":"ImageObject","inLanguage":"pl-PL","@id":"https:\/\/optimaldruk.com\/?page_id=1231#primaryimage","url":"https:\/\/optimaldruk.com\/wp-content\/uploads\/2023\/10\/IMG_1123.jpg","contentUrl":"https:\/\/optimaldruk.com\/wp-content\/uploads\/2023\/10\/IMG_1123.jpg","width":640,"height":360},{"@type":"BreadcrumbList","@id":"https:\/\/optimaldruk.com\/?page_id=1231#breadcrumb","itemListElement":[{"@type":"ListItem","position":1,"name":"Strona g\u0142\u00f3wna","item":"https:\/\/optimaldruk.com\/"},{"@type":"ListItem","position":2,"name":"Zegary\/Magnesy"}]},{"@type":"WebSite","@id":"https:\/\/optimaldruk.com\/#website","url":"https:\/\/optimaldruk.com\/","name":"OptimalDruk","description":"Drukarnia cyfrowa nadruk na p\u0142ytach cd-r, dvd-r, nadruk na koszulkach, poligrafia, druk na drewnie, metalu, PCV","publisher":{"@id":"https:\/\/optimaldruk.com\/#organization"},"alternateName":"Internetowa Drukarnia Cyfrowa","potentialAction":[{"@type":"SearchAction","target":{"@type":"EntryPoint","urlTemplate":"https:\/\/optimaldruk.com\/?s={search_term_string}"},"query-input":{"@type":"PropertyValueSpecification","valueRequired":true,"valueName":"search_term_string"}}],"inLanguage":"pl-PL"},{"@type":"Organization","@id":"https:\/\/optimaldruk.com\/#organization","name":"OptimalDruk","alternateName":"Internetowa Drukarnia Cyfrowa","url":"https:\/\/optimaldruk.com\/","logo":{"@type":"ImageObject","inLanguage":"pl-PL","@id":"https:\/\/optimaldruk.com\/#\/schema\/logo\/image\/","url":"https:\/\/optimaldruk.com\/wp-content\/uploads\/2023\/10\/logo-glebia-male.jpg","contentUrl":"https:\/\/optimaldruk.com\/wp-content\/uploads\/2023\/10\/logo-glebia-male.jpg","width":157,"height":157,"caption":"OptimalDruk"},"image":{"@id":"https:\/\/optimaldruk.com\/#\/schema\/logo\/image\/"}}]}},"jetpack_sharing_enabled":true,"_links":{"self":[{"href":"https:\/\/optimaldruk.com\/index.php?rest_route=\/wp\/v2\/pages\/1231","targetHints":{"allow":["GET"]}}],"collection":[{"href":"https:\/\/optimaldruk.com\/index.php?rest_route=\/wp\/v2\/pages"}],"about":[{"href":"https:\/\/optimaldruk.com\/index.php?rest_route=\/wp\/v2\/types\/page"}],"author":[{"embeddable":true,"href":"https:\/\/optimaldruk.com\/index.php?rest_route=\/wp\/v2\/users\/1"}],"replies":[{"embeddable":true,"href":"https:\/\/optimaldruk.com\/index.php?rest_route=%2Fwp%2Fv2%2Fcomments&post=1231"}],"version-history":[{"count":19,"href":"https:\/\/optimaldruk.com\/index.php?rest_route=\/wp\/v2\/pages\/1231\/revisions"}],"predecessor-version":[{"id":1737,"href":"https:\/\/optimaldruk.com\/index.php?rest_route=\/wp\/v2\/pages\/1231\/revisions\/1737"}],"wp:featuredmedia":[{"embeddable":true,"href":"https:\/\/optimaldruk.com\/index.php?rest_route=\/wp\/v2\/media\/1401"}],"wp:attachment":[{"href":"https:\/\/optimaldruk.com\/index.php?rest_route=%2Fwp%2Fv2%2Fmedia&parent=1231"}],"curies":[{"name":"wp","href":"https:\/\/api.w.org\/{rel}","templated":true}]}}