{"id":1227,"date":"2023-10-09T17:08:11","date_gmt":"2023-10-09T15:08:11","guid":{"rendered":"https:\/\/optimaldruk.com\/?page_id=1227"},"modified":"2024-03-07T13:40:30","modified_gmt":"2024-03-07T12:40:30","slug":"opakowania-na-cd-dvd","status":"publish","type":"page","link":"https:\/\/optimaldruk.com\/?page_id=1227","title":{"rendered":"Opakowania"},"content":{"rendered":"\t\t<div data-elementor-type=\"wp-page\" data-elementor-id=\"1227\" class=\"elementor elementor-1227\">\n\t\t\t\t<div class=\"elementor-element elementor-element-a6efb73 e-flex e-con-boxed e-con e-parent\" data-id=\"a6efb73\" data-element_type=\"container\" data-e-type=\"container\">\n\t\t\t\t\t<div class=\"e-con-inner\">\n\t\t<div class=\"elementor-element elementor-element-3cf8743 e-flex e-con-boxed e-con e-child\" data-id=\"3cf8743\" data-element_type=\"container\" data-e-type=\"container\">\n\t\t\t\t\t<div class=\"e-con-inner\">\n\t\t\t\t<div class=\"elementor-element elementor-element-72a8659 elementor-widget__width-inherit elementor-widget elementor-widget-text-editor\" data-id=\"72a8659\" data-element_type=\"widget\" data-e-type=\"widget\" data-widget_type=\"text-editor.default\">\n\t\t\t\t<div class=\"elementor-widget-container\">\n\t\t\t\t\t\t\t\t\t<p><strong>Opakowania do CD\/DVD<\/strong><\/p>\t\t\t\t\t\t\t\t<\/div>\n\t\t\t\t<\/div>\n\t\t\t\t\t<\/div>\n\t\t\t\t<\/div>\n\t\t\t\t\t<\/div>\n\t\t\t\t<\/div>\n\t\t<div class=\"elementor-element elementor-element-fa935f0 e-flex e-con-boxed e-con e-parent\" data-id=\"fa935f0\" data-element_type=\"container\" data-e-type=\"container\">\n\t\t\t\t\t<div class=\"e-con-inner\">\n\t\t<div class=\"elementor-element elementor-element-01eb9d9 e-con-full e-flex e-con e-child\" data-id=\"01eb9d9\" data-element_type=\"container\" data-e-type=\"container\">\n\t\t\t\t<div class=\"elementor-element elementor-element-92699cd elementor-align-center elementor-widget elementor-widget-button\" data-id=\"92699cd\" data-element_type=\"widget\" data-e-type=\"widget\" data-widget_type=\"button.default\">\n\t\t\t\t<div class=\"elementor-widget-container\">\n\t\t\t\t\t\t\t\t\t<div class=\"elementor-button-wrapper\">\n\t\t\t\t\t<a class=\"elementor-button elementor-button-link elementor-size-lg\" href=\"https:\/\/optimaldruk.com\/?product_cat=opakowania\">\n\t\t\t\t\t\t<span class=\"elementor-button-content-wrapper\">\n\t\t\t\t\t\t<span class=\"elementor-button-icon\">\n\t\t\t\t<i aria-hidden=\"true\" class=\"fas fa-shopping-basket\"><\/i>\t\t\t<\/span>\n\t\t\t\t\t\t\t\t\t<span class=\"elementor-button-text\">Przejd\u017a do sklepu<\/span>\n\t\t\t\t\t<\/span>\n\t\t\t\t\t<\/a>\n\t\t\t\t<\/div>\n\t\t\t\t\t\t\t\t<\/div>\n\t\t\t\t<\/div>\n\t\t\t\t<\/div>\n\t\t<div class=\"elementor-element elementor-element-e840e6f e-con-full e-flex e-con e-child\" data-id=\"e840e6f\" data-element_type=\"container\" data-e-type=\"container\">\n\t\t\t\t<div class=\"elementor-element elementor-element-261054b elementor-align-center elementor-widget elementor-widget-button\" data-id=\"261054b\" data-element_type=\"widget\" data-e-type=\"widget\" data-widget_type=\"button.default\">\n\t\t\t\t<div class=\"elementor-widget-container\">\n\t\t\t\t\t\t\t\t\t<div class=\"elementor-button-wrapper\">\n\t\t\t\t\t<a class=\"elementor-button elementor-button-link elementor-size-lg\" href=\"https:\/\/optimaldruk.com\/?page_id=1445\">\n\t\t\t\t\t\t<span class=\"elementor-button-content-wrapper\">\n\t\t\t\t\t\t<span class=\"elementor-button-icon\">\n\t\t\t\t<i aria-hidden=\"true\" class=\"fas fa-download\"><\/i>\t\t\t<\/span>\n\t\t\t\t\t\t\t\t\t<span class=\"elementor-button-text\">Pobierz szablon<\/span>\n\t\t\t\t\t<\/span>\n\t\t\t\t\t<\/a>\n\t\t\t\t<\/div>\n\t\t\t\t\t\t\t\t<\/div>\n\t\t\t\t<\/div>\n\t\t\t\t<\/div>\n\t\t\t\t\t<\/div>\n\t\t\t\t<\/div>\n\t\t<div class=\"elementor-element elementor-element-188942a e-flex e-con-boxed e-con e-parent\" data-id=\"188942a\" data-element_type=\"container\" data-e-type=\"container\">\n\t\t\t\t\t<div class=\"e-con-inner\">\n\t\t<div class=\"elementor-element elementor-element-8ac24bc e-con-full e-flex e-con e-child\" data-id=\"8ac24bc\" data-element_type=\"container\" data-e-type=\"container\">\n\t\t\t\t<div class=\"elementor-element elementor-element-955e676 elementor-widget elementor-widget-text-editor\" data-id=\"955e676\" data-element_type=\"widget\" data-e-type=\"widget\" data-widget_type=\"text-editor.default\">\n\t\t\t\t<div class=\"elementor-widget-container\">\n\t\t\t\t\t\t\t\t\t<p>\u00a0 \u00a0 \u00a0W naszej ofercie znajd\u0105 Pa\u0144stwo szerok\u0105 gam\u0119 opakowa\u0144 do p\u0142yt, zaczynaj\u0105c od:<\/p><ul><li><strong> kopert kartonowych\u00a0<\/strong><\/li><li><strong> ecopacka<\/strong><\/li><li><strong> digipacka r\u00f3\u017cnego rodzaju<\/strong><\/li><li><strong> pude\u0142ko typu slim box<\/strong><\/li><li><strong>pude\u0142ko typu box standard<\/strong><\/li><li><strong> pude\u0142ko dvdbox<\/strong><\/li><li><strong>pude\u0142ko typu metalbox<\/strong><\/li><\/ul><div><b>\u00a0 Uszlachetnienie foli\u0105 Mat, B\u0142ysk lub soft za dodatkow\u0105 op\u0142at\u0105,<\/b> wy\u015blij zapytanie o kalkulacj\u0119 <a href=\"mailto:biuro@optimaldruk.com\">biuro@optimaldruk.com<\/a>\u00a0<\/div><div>\u00a0<\/div><p>Ze wzgl\u0119du na du\u017cy wachlarz asortymentu oraz ruchome ceny p\u00f3\u0142produkt\u00f3w, prosimy o kontakt. <a href=\"mailto:biuro@optimaldruk.com\">biuro@optimaldruk.com<\/a><\/p><p>Wszelkich informacji udzielimy, podpowiemy i doradzimy.<\/p>\t\t\t\t\t\t\t\t<\/div>\n\t\t\t\t<\/div>\n\t\t\t\t<\/div>\n\t\t<div class=\"elementor-element elementor-element-9b833e1 e-con-full e-flex e-con e-child\" data-id=\"9b833e1\" data-element_type=\"container\" data-e-type=\"container\">\n\t\t\t\t<div class=\"elementor-element elementor-element-e226df0 elementor-widget elementor-widget-image\" data-id=\"e226df0\" data-element_type=\"widget\" data-e-type=\"widget\" data-widget_type=\"image.default\">\n\t\t\t\t<div class=\"elementor-widget-container\">\n\t\t\t\t\t\t\t\t\t\t\t\t\t\t\t<img fetchpriority=\"high\" decoding=\"async\" width=\"1024\" height=\"768\" src=\"https:\/\/optimaldruk.com\/wp-content\/uploads\/2023\/10\/IMG_E7010-scaled.jpg\" class=\"attachment-large size-large wp-image-1213\" alt=\"Internetowa Drukarnia Cyfrowa\" \/>\t\t\t\t\t\t\t\t\t\t\t\t\t\t\t<\/div>\n\t\t\t\t<\/div>\n\t\t\t\t<\/div>\n\t\t\t\t\t<\/div>\n\t\t\t\t<\/div>\n\t\t<div class=\"elementor-element elementor-element-f115025 e-flex e-con-boxed e-con e-parent\" data-id=\"f115025\" data-element_type=\"container\" data-e-type=\"container\">\n\t\t\t\t\t<div class=\"e-con-inner\">\n\t\t\t\t<div class=\"elementor-element elementor-element-ce05fc7 elementor-widget elementor-widget-text-editor\" data-id=\"ce05fc7\" data-element_type=\"widget\" data-e-type=\"widget\" data-widget_type=\"text-editor.default\">\n\t\t\t\t<div class=\"elementor-widget-container\">\n\t\t\t\t\t\t\t\t\t<p>\u00a0 \u00a0 Je\u017celi nie znalaz\u0142a\u015b\/\u0142e\u015b opcji ilo\u015bciowej lub opakowania pasuj\u0105cego do Twoich potrzeb, prosimy o kontakt mailowy <a href=\"mailto:biuro@optimaldruk.com\">biuro@optimaldruk.com<\/a> lub wype\u0142nij formularz kontaktowy znajduj\u0105cy si\u0119 na stronie <a href=\"https:\/\/optimaldruk.com\/\" data-wplink-url-error=\"true\">g\u0142\u00f3wnej<\/a>\u00a0 lub<a href=\"https:\/\/optimaldruk.com\/kontakt\/\" data-wplink-url-error=\"true\"> kontakt<\/a>.<\/p><p><em><strong>Prowadzisz dzia\u0142alno\u015b\u0107 zwi\u0105zan\u0105 z naszym asortymentem?<\/strong><\/em><\/p><p><em><strong>\u00a0 \u00a0 \u00a0 \u00a0istnieje mo\u017cliwo\u015b\u0107 negocjacji cen dla formy B2B<\/strong><\/em><\/p>\t\t\t\t\t\t\t\t<\/div>\n\t\t\t\t<\/div>\n\t\t\t\t\t<\/div>\n\t\t\t\t<\/div>\n\t\t\t\t<\/div>\n\t\t","protected":false},"excerpt":{"rendered":"<p>Opakowania do CD\/DVD Przejd\u017a do sklepu Pobierz szablon \u00a0 \u00a0 \u00a0W naszej ofercie znajd\u0105 Pa\u0144stwo szerok\u0105 gam\u0119 opakowa\u0144 do p\u0142yt, zaczynaj\u0105c od: kopert kartonowych\u00a0 ecopacka digipacka r\u00f3\u017cnego rodzaju pude\u0142ko typu slim box pude\u0142ko typu box standard pude\u0142ko dvdbox pude\u0142ko typu metalbox \u00a0 Uszlachetnienie foli\u0105 Mat, B\u0142ysk lub soft za dodatkow\u0105 op\u0142at\u0105, wy\u015blij zapytanie o kalkulacj\u0119&#8230;<\/p>\n","protected":false},"author":1,"featured_media":1214,"parent":0,"menu_order":0,"comment_status":"closed","ping_status":"closed","template":"","meta":{"_kadence_starter_templates_imported_post":false,"_kad_post_transparent":"","_kad_post_title":"hide","_kad_post_layout":"fullwidth","_kad_post_sidebar_id":"","_kad_post_content_style":"unboxed","_kad_post_vertical_padding":"hide","_kad_post_feature":"hide","_kad_post_feature_position":"","_kad_post_header":false,"_kad_post_footer":false,"footnotes":""},"class_list":["post-1227","page","type-page","status-publish","has-post-thumbnail","hentry"],"yoast_head":"<!-- This site is optimized with the Yoast SEO plugin v27.2 - https:\/\/yoast.com\/product\/yoast-seo-wordpress\/ -->\n<title>Opakowania - OptimalDruk<\/title>\n<meta name=\"description\" content=\"Opakowania do cd\/dvd , zaczynaj\u0105c od: kopert kartonowych, ecopacka, digipacka r\u00f3\u017cnego rodzaju, slimbox, Jewelbox\" \/>\n<meta name=\"robots\" content=\"index, follow, max-snippet:-1, max-image-preview:large, max-video-preview:-1\" \/>\n<link rel=\"canonical\" href=\"https:\/\/optimaldruk.com\/?page_id=1227\" \/>\n<meta property=\"og:locale\" content=\"pl_PL\" \/>\n<meta property=\"og:type\" content=\"article\" \/>\n<meta property=\"og:title\" content=\"Opakowania - OptimalDruk\" \/>\n<meta property=\"og:description\" content=\"Opakowania do cd\/dvd , zaczynaj\u0105c od: kopert kartonowych, ecopacka, digipacka r\u00f3\u017cnego rodzaju, slimbox, Jewelbox\" \/>\n<meta property=\"og:url\" content=\"https:\/\/optimaldruk.com\/?page_id=1227\" \/>\n<meta property=\"og:site_name\" content=\"OptimalDruk\" \/>\n<meta property=\"article:modified_time\" content=\"2024-03-07T12:40:30+00:00\" \/>\n<meta property=\"og:image\" content=\"https:\/\/optimaldruk.com\/wp-content\/uploads\/2023\/10\/IMG_E7015-scaled.jpg\" \/>\n\t<meta property=\"og:image:width\" content=\"1024\" \/>\n\t<meta property=\"og:image:height\" content=\"768\" \/>\n\t<meta property=\"og:image:type\" content=\"image\/jpeg\" \/>\n<meta name=\"twitter:card\" content=\"summary_large_image\" \/>\n<meta name=\"twitter:label1\" content=\"Szacowany czas czytania\" \/>\n\t<meta name=\"twitter:data1\" content=\"2 minuty\" \/>\n<script type=\"application\/ld+json\" class=\"yoast-schema-graph\">{\"@context\":\"https:\/\/schema.org\",\"@graph\":[{\"@type\":\"WebPage\",\"@id\":\"https:\/\/optimaldruk.com\/?page_id=1227\",\"url\":\"https:\/\/optimaldruk.com\/?page_id=1227\",\"name\":\"Opakowania - OptimalDruk\",\"isPartOf\":{\"@id\":\"https:\/\/optimaldruk.com\/#website\"},\"primaryImageOfPage\":{\"@id\":\"https:\/\/optimaldruk.com\/?page_id=1227#primaryimage\"},\"image\":{\"@id\":\"https:\/\/optimaldruk.com\/?page_id=1227#primaryimage\"},\"thumbnailUrl\":\"https:\/\/optimaldruk.com\/wp-content\/uploads\/2023\/10\/IMG_E7015-scaled.jpg\",\"datePublished\":\"2023-10-09T15:08:11+00:00\",\"dateModified\":\"2024-03-07T12:40:30+00:00\",\"description\":\"Opakowania do cd\/dvd , zaczynaj\u0105c od: kopert kartonowych, ecopacka, digipacka r\u00f3\u017cnego rodzaju, slimbox, Jewelbox\",\"breadcrumb\":{\"@id\":\"https:\/\/optimaldruk.com\/?page_id=1227#breadcrumb\"},\"inLanguage\":\"pl-PL\",\"potentialAction\":[{\"@type\":\"ReadAction\",\"target\":[\"https:\/\/optimaldruk.com\/?page_id=1227\"]}]},{\"@type\":\"ImageObject\",\"inLanguage\":\"pl-PL\",\"@id\":\"https:\/\/optimaldruk.com\/?page_id=1227#primaryimage\",\"url\":\"https:\/\/optimaldruk.com\/wp-content\/uploads\/2023\/10\/IMG_E7015-scaled.jpg\",\"contentUrl\":\"https:\/\/optimaldruk.com\/wp-content\/uploads\/2023\/10\/IMG_E7015-scaled.jpg\",\"width\":4032,\"height\":3024,\"caption\":\"Doigipack\"},{\"@type\":\"BreadcrumbList\",\"@id\":\"https:\/\/optimaldruk.com\/?page_id=1227#breadcrumb\",\"itemListElement\":[{\"@type\":\"ListItem\",\"position\":1,\"name\":\"Strona g\u0142\u00f3wna\",\"item\":\"https:\/\/optimaldruk.com\/\"},{\"@type\":\"ListItem\",\"position\":2,\"name\":\"Opakowania\"}]},{\"@type\":\"WebSite\",\"@id\":\"https:\/\/optimaldruk.com\/#website\",\"url\":\"https:\/\/optimaldruk.com\/\",\"name\":\"OptimalDruk\",\"description\":\"Drukarnia cyfrowa nadruk na p\u0142ytach cd-r, dvd-r, nadruk na koszulkach, poligrafia, druk na drewnie, metalu, PCV\",\"publisher\":{\"@id\":\"https:\/\/optimaldruk.com\/#organization\"},\"alternateName\":\"Internetowa Drukarnia Cyfrowa\",\"potentialAction\":[{\"@type\":\"SearchAction\",\"target\":{\"@type\":\"EntryPoint\",\"urlTemplate\":\"https:\/\/optimaldruk.com\/?s={search_term_string}\"},\"query-input\":{\"@type\":\"PropertyValueSpecification\",\"valueRequired\":true,\"valueName\":\"search_term_string\"}}],\"inLanguage\":\"pl-PL\"},{\"@type\":\"Organization\",\"@id\":\"https:\/\/optimaldruk.com\/#organization\",\"name\":\"OptimalDruk\",\"alternateName\":\"Internetowa Drukarnia Cyfrowa\",\"url\":\"https:\/\/optimaldruk.com\/\",\"logo\":{\"@type\":\"ImageObject\",\"inLanguage\":\"pl-PL\",\"@id\":\"https:\/\/optimaldruk.com\/#\/schema\/logo\/image\/\",\"url\":\"https:\/\/optimaldruk.com\/wp-content\/uploads\/2023\/10\/logo-glebia-male.jpg\",\"contentUrl\":\"https:\/\/optimaldruk.com\/wp-content\/uploads\/2023\/10\/logo-glebia-male.jpg\",\"width\":157,\"height\":157,\"caption\":\"OptimalDruk\"},\"image\":{\"@id\":\"https:\/\/optimaldruk.com\/#\/schema\/logo\/image\/\"}}]}<\/script>\n<!-- \/ Yoast SEO plugin. -->","yoast_head_json":{"title":"Opakowania - OptimalDruk","description":"Opakowania do cd\/dvd , zaczynaj\u0105c od: kopert kartonowych, ecopacka, digipacka r\u00f3\u017cnego rodzaju, slimbox, Jewelbox","robots":{"index":"index","follow":"follow","max-snippet":"max-snippet:-1","max-image-preview":"max-image-preview:large","max-video-preview":"max-video-preview:-1"},"canonical":"https:\/\/optimaldruk.com\/?page_id=1227","og_locale":"pl_PL","og_type":"article","og_title":"Opakowania - OptimalDruk","og_description":"Opakowania do cd\/dvd , zaczynaj\u0105c od: kopert kartonowych, ecopacka, digipacka r\u00f3\u017cnego rodzaju, slimbox, Jewelbox","og_url":"https:\/\/optimaldruk.com\/?page_id=1227","og_site_name":"OptimalDruk","article_modified_time":"2024-03-07T12:40:30+00:00","og_image":[{"url":"https:\/\/optimaldruk.com\/wp-content\/uploads\/2023\/10\/IMG_E7015-scaled.jpg","width":1024,"height":768,"type":"image\/jpeg"}],"twitter_card":"summary_large_image","twitter_misc":{"Szacowany czas czytania":"2 minuty"},"schema":{"@context":"https:\/\/schema.org","@graph":[{"@type":"WebPage","@id":"https:\/\/optimaldruk.com\/?page_id=1227","url":"https:\/\/optimaldruk.com\/?page_id=1227","name":"Opakowania - OptimalDruk","isPartOf":{"@id":"https:\/\/optimaldruk.com\/#website"},"primaryImageOfPage":{"@id":"https:\/\/optimaldruk.com\/?page_id=1227#primaryimage"},"image":{"@id":"https:\/\/optimaldruk.com\/?page_id=1227#primaryimage"},"thumbnailUrl":"https:\/\/optimaldruk.com\/wp-content\/uploads\/2023\/10\/IMG_E7015-scaled.jpg","datePublished":"2023-10-09T15:08:11+00:00","dateModified":"2024-03-07T12:40:30+00:00","description":"Opakowania do cd\/dvd , zaczynaj\u0105c od: kopert kartonowych, ecopacka, digipacka r\u00f3\u017cnego rodzaju, slimbox, Jewelbox","breadcrumb":{"@id":"https:\/\/optimaldruk.com\/?page_id=1227#breadcrumb"},"inLanguage":"pl-PL","potentialAction":[{"@type":"ReadAction","target":["https:\/\/optimaldruk.com\/?page_id=1227"]}]},{"@type":"ImageObject","inLanguage":"pl-PL","@id":"https:\/\/optimaldruk.com\/?page_id=1227#primaryimage","url":"https:\/\/optimaldruk.com\/wp-content\/uploads\/2023\/10\/IMG_E7015-scaled.jpg","contentUrl":"https:\/\/optimaldruk.com\/wp-content\/uploads\/2023\/10\/IMG_E7015-scaled.jpg","width":4032,"height":3024,"caption":"Doigipack"},{"@type":"BreadcrumbList","@id":"https:\/\/optimaldruk.com\/?page_id=1227#breadcrumb","itemListElement":[{"@type":"ListItem","position":1,"name":"Strona g\u0142\u00f3wna","item":"https:\/\/optimaldruk.com\/"},{"@type":"ListItem","position":2,"name":"Opakowania"}]},{"@type":"WebSite","@id":"https:\/\/optimaldruk.com\/#website","url":"https:\/\/optimaldruk.com\/","name":"OptimalDruk","description":"Drukarnia cyfrowa nadruk na p\u0142ytach cd-r, dvd-r, nadruk na koszulkach, poligrafia, druk na drewnie, metalu, PCV","publisher":{"@id":"https:\/\/optimaldruk.com\/#organization"},"alternateName":"Internetowa Drukarnia Cyfrowa","potentialAction":[{"@type":"SearchAction","target":{"@type":"EntryPoint","urlTemplate":"https:\/\/optimaldruk.com\/?s={search_term_string}"},"query-input":{"@type":"PropertyValueSpecification","valueRequired":true,"valueName":"search_term_string"}}],"inLanguage":"pl-PL"},{"@type":"Organization","@id":"https:\/\/optimaldruk.com\/#organization","name":"OptimalDruk","alternateName":"Internetowa Drukarnia Cyfrowa","url":"https:\/\/optimaldruk.com\/","logo":{"@type":"ImageObject","inLanguage":"pl-PL","@id":"https:\/\/optimaldruk.com\/#\/schema\/logo\/image\/","url":"https:\/\/optimaldruk.com\/wp-content\/uploads\/2023\/10\/logo-glebia-male.jpg","contentUrl":"https:\/\/optimaldruk.com\/wp-content\/uploads\/2023\/10\/logo-glebia-male.jpg","width":157,"height":157,"caption":"OptimalDruk"},"image":{"@id":"https:\/\/optimaldruk.com\/#\/schema\/logo\/image\/"}}]}},"jetpack_sharing_enabled":true,"_links":{"self":[{"href":"https:\/\/optimaldruk.com\/index.php?rest_route=\/wp\/v2\/pages\/1227","targetHints":{"allow":["GET"]}}],"collection":[{"href":"https:\/\/optimaldruk.com\/index.php?rest_route=\/wp\/v2\/pages"}],"about":[{"href":"https:\/\/optimaldruk.com\/index.php?rest_route=\/wp\/v2\/types\/page"}],"author":[{"embeddable":true,"href":"https:\/\/optimaldruk.com\/index.php?rest_route=\/wp\/v2\/users\/1"}],"replies":[{"embeddable":true,"href":"https:\/\/optimaldruk.com\/index.php?rest_route=%2Fwp%2Fv2%2Fcomments&post=1227"}],"version-history":[{"count":37,"href":"https:\/\/optimaldruk.com\/index.php?rest_route=\/wp\/v2\/pages\/1227\/revisions"}],"predecessor-version":[{"id":1728,"href":"https:\/\/optimaldruk.com\/index.php?rest_route=\/wp\/v2\/pages\/1227\/revisions\/1728"}],"wp:featuredmedia":[{"embeddable":true,"href":"https:\/\/optimaldruk.com\/index.php?rest_route=\/wp\/v2\/media\/1214"}],"wp:attachment":[{"href":"https:\/\/optimaldruk.com\/index.php?rest_route=%2Fwp%2Fv2%2Fmedia&parent=1227"}],"curies":[{"name":"wp","href":"https:\/\/api.w.org\/{rel}","templated":true}]}}