{"id":1225,"date":"2023-10-09T17:07:29","date_gmt":"2023-10-09T15:07:29","guid":{"rendered":"https:\/\/optimaldruk.com\/?page_id=1225"},"modified":"2024-03-06T17:22:51","modified_gmt":"2024-03-06T16:22:51","slug":"plyty-dvd-r-z-nadrukiem-uv-nadruk-na-dvd","status":"publish","type":"page","link":"https:\/\/optimaldruk.com\/?page_id=1225","title":{"rendered":"P\u0142yty DVD-R z nadrukiem UV"},"content":{"rendered":"\t\t<div data-elementor-type=\"wp-page\" data-elementor-id=\"1225\" class=\"elementor elementor-1225\">\n\t\t\t\t<div class=\"elementor-element elementor-element-904648b e-flex e-con-boxed e-con e-parent\" data-id=\"904648b\" data-element_type=\"container\" data-e-type=\"container\">\n\t\t\t\t\t<div class=\"e-con-inner\">\n\t\t\t\t<div class=\"elementor-element elementor-element-8752002 elementor-widget__width-inherit elementor-widget elementor-widget-text-editor\" data-id=\"8752002\" data-element_type=\"widget\" data-e-type=\"widget\" data-widget_type=\"text-editor.default\">\n\t\t\t\t<div class=\"elementor-widget-container\">\n\t\t\t\t\t\t\t\t\t<p><strong>P\u0142yty DVD-R z nadrukiem cyfrowym UV<\/strong><\/p>\t\t\t\t\t\t\t\t<\/div>\n\t\t\t\t<\/div>\n\t\t\t\t\t<\/div>\n\t\t\t\t<\/div>\n\t\t<div class=\"elementor-element elementor-element-9cd6882 e-flex e-con-boxed e-con e-parent\" data-id=\"9cd6882\" data-element_type=\"container\" data-e-type=\"container\">\n\t\t\t\t\t<div class=\"e-con-inner\">\n\t\t<div class=\"elementor-element elementor-element-ee837f7 e-con-full e-flex e-con e-child\" data-id=\"ee837f7\" data-element_type=\"container\" data-e-type=\"container\">\n\t\t\t\t<div class=\"elementor-element elementor-element-b2622f8 elementor-align-center elementor-widget elementor-widget-button\" data-id=\"b2622f8\" data-element_type=\"widget\" data-e-type=\"widget\" data-widget_type=\"button.default\">\n\t\t\t\t<div class=\"elementor-widget-container\">\n\t\t\t\t\t\t\t\t\t<div class=\"elementor-button-wrapper\">\n\t\t\t\t\t<a class=\"elementor-button elementor-button-link elementor-size-lg\" href=\"https:\/\/optimaldruk.com\/?product_cat=dvd-r\">\n\t\t\t\t\t\t<span class=\"elementor-button-content-wrapper\">\n\t\t\t\t\t\t<span class=\"elementor-button-icon\">\n\t\t\t\t<i aria-hidden=\"true\" class=\"fas fa-shopping-basket\"><\/i>\t\t\t<\/span>\n\t\t\t\t\t\t\t\t\t<span class=\"elementor-button-text\">Przejd\u017a do sklepu<\/span>\n\t\t\t\t\t<\/span>\n\t\t\t\t\t<\/a>\n\t\t\t\t<\/div>\n\t\t\t\t\t\t\t\t<\/div>\n\t\t\t\t<\/div>\n\t\t\t\t<\/div>\n\t\t<div class=\"elementor-element elementor-element-86b7adb e-con-full e-flex e-con e-child\" data-id=\"86b7adb\" data-element_type=\"container\" data-e-type=\"container\">\n\t\t\t\t<div class=\"elementor-element elementor-element-4bfec0f elementor-align-center elementor-widget elementor-widget-button\" data-id=\"4bfec0f\" data-element_type=\"widget\" data-e-type=\"widget\" data-widget_type=\"button.default\">\n\t\t\t\t<div class=\"elementor-widget-container\">\n\t\t\t\t\t\t\t\t\t<div class=\"elementor-button-wrapper\">\n\t\t\t\t\t<a class=\"elementor-button elementor-button-link elementor-size-lg\" href=\"https:\/\/optimaldruk.com\/?page_id=1445\">\n\t\t\t\t\t\t<span class=\"elementor-button-content-wrapper\">\n\t\t\t\t\t\t<span class=\"elementor-button-icon\">\n\t\t\t\t<i aria-hidden=\"true\" class=\"fas fa-download\"><\/i>\t\t\t<\/span>\n\t\t\t\t\t\t\t\t\t<span class=\"elementor-button-text\">Pobierz szablon<\/span>\n\t\t\t\t\t<\/span>\n\t\t\t\t\t<\/a>\n\t\t\t\t<\/div>\n\t\t\t\t\t\t\t\t<\/div>\n\t\t\t\t<\/div>\n\t\t\t\t<\/div>\n\t\t\t\t\t<\/div>\n\t\t\t\t<\/div>\n\t\t<div class=\"elementor-element elementor-element-b7f3aa6 e-flex e-con-boxed e-con e-parent\" data-id=\"b7f3aa6\" data-element_type=\"container\" data-e-type=\"container\">\n\t\t\t\t\t<div class=\"e-con-inner\">\n\t\t<div class=\"elementor-element elementor-element-7a76229 e-con-full e-flex e-con e-child\" data-id=\"7a76229\" data-element_type=\"container\" data-e-type=\"container\">\n\t\t\t\t<div class=\"elementor-element elementor-element-819593b elementor-widget elementor-widget-text-editor\" data-id=\"819593b\" data-element_type=\"widget\" data-e-type=\"widget\" data-widget_type=\"text-editor.default\">\n\t\t\t\t<div class=\"elementor-widget-container\">\n\t\t\t\t\t\t\t\t\t<p><strong>\u00a0 NADRUKI NA P\u0141YTACH DVD -R<\/strong><\/p><p><strong>SZYBKI CZAS REALIZACJ ZAM\u00d3WIE\u0143<\/strong><\/p><p><strong>JU\u017b OD 24 GODZIN \u2013 ZALE\u017bNIE OD NAK\u0141ADU<\/strong><\/p><p><strong>PRZYGOTOWANIE GRAFIKI:<\/strong><br \/>Rozdzielczo\u015b\u0107 \u2013\u00a0<strong>min. 300 dpi.<\/strong><br \/>Kolorystyka \u2013<strong>\u00a0CMYK<\/strong><br \/>Pole zadruku \u2013\u00a0<strong>120mm x 120mm<\/strong><br \/>Format pliku \u2013<strong>\u00a0JPG, EPS, CDR( CORELL DRAW), PDF, TIFF, PSD.<\/strong><\/p><p><strong>PRZYGOTOWANIE ZAWARTO\u015aCI P\u0141YTY<\/strong><br \/>Pliki do nagrania lub t\u0142oczenia w formacie ISO lub NRG, \u00a0w tym przypadku potrzebna b\u0119dzie suma kontrolna.<br \/>Lub obraz p\u0142yty w formacie DDP.<\/p><p><strong>T\u0141OCZONE LUB NAGRYWANE<\/strong><\/p><p>W zale\u017cno\u015bci od nak\u0142adu dost\u0119pne s\u0105 p\u0142yty t\u0142oczone (w tym przypadku istnieje konieczno\u015b\u0107 przygotowania matrycy) z nadrukiem offsetowym lub alternatywne rozwi\u0105zanie czyste p\u0142yty DVD-R z nadrukiem cyfrowym, na kt\u00f3re mo\u017cna zapisa\u0107 dane.<\/p>\t\t\t\t\t\t\t\t<\/div>\n\t\t\t\t<\/div>\n\t\t\t\t<\/div>\n\t\t<div class=\"elementor-element elementor-element-d641223 e-con-full e-flex e-con e-child\" data-id=\"d641223\" data-element_type=\"container\" data-e-type=\"container\">\n\t\t\t\t<div class=\"elementor-element elementor-element-4c74692 elementor-widget elementor-widget-image\" data-id=\"4c74692\" data-element_type=\"widget\" data-e-type=\"widget\" data-widget_type=\"image.default\">\n\t\t\t\t<div class=\"elementor-widget-container\">\n\t\t\t\t\t\t\t\t\t\t\t\t\t\t\t<img fetchpriority=\"high\" decoding=\"async\" width=\"601\" height=\"461\" src=\"https:\/\/optimaldruk.com\/wp-content\/uploads\/2023\/10\/dvd.jpg\" class=\"attachment-large size-large wp-image-1186\" alt=\"\" \/>\t\t\t\t\t\t\t\t\t\t\t\t\t\t\t<\/div>\n\t\t\t\t<\/div>\n\t\t\t\t<\/div>\n\t\t\t\t\t<\/div>\n\t\t\t\t<\/div>\n\t\t<div class=\"elementor-element elementor-element-715bb06 e-flex e-con-boxed e-con e-parent\" data-id=\"715bb06\" data-element_type=\"container\" data-e-type=\"container\">\n\t\t\t\t\t<div class=\"e-con-inner\">\n\t\t\t\t<div class=\"elementor-element elementor-element-b162021 elementor-widget elementor-widget-text-editor\" data-id=\"b162021\" data-element_type=\"widget\" data-e-type=\"widget\" data-widget_type=\"text-editor.default\">\n\t\t\t\t<div class=\"elementor-widget-container\">\n\t\t\t\t\t\t\t\t\t<p>W przypadku w\u0105tpliwo\u015bci, prosimy o kontakt z dzia\u0142em graficznym\u00a0\u00a0<a href=\"mailto:dpd@optimaldruk.com\">dtp@optimaldruk.com<\/a><\/p>\t\t\t\t\t\t\t\t<\/div>\n\t\t\t\t<\/div>\n\t\t\t\t\t<\/div>\n\t\t\t\t<\/div>\n\t\t\t\t<\/div>\n\t\t","protected":false},"excerpt":{"rendered":"<p>P\u0142yty DVD-R z nadrukiem cyfrowym UV Przejd\u017a do sklepu Pobierz szablon \u00a0 NADRUKI NA P\u0141YTACH DVD -R SZYBKI CZAS REALIZACJ ZAM\u00d3WIE\u0143 JU\u017b OD 24 GODZIN \u2013 ZALE\u017bNIE OD NAK\u0141ADU PRZYGOTOWANIE GRAFIKI:Rozdzielczo\u015b\u0107 \u2013\u00a0min. 300 dpi.Kolorystyka \u2013\u00a0CMYKPole zadruku \u2013\u00a0120mm x 120mmFormat pliku \u2013\u00a0JPG, EPS, CDR( CORELL DRAW), PDF, TIFF, PSD. PRZYGOTOWANIE ZAWARTO\u015aCI P\u0141YTYPliki do nagrania lub t\u0142oczenia&#8230;<\/p>\n","protected":false},"author":1,"featured_media":0,"parent":0,"menu_order":0,"comment_status":"closed","ping_status":"closed","template":"","meta":{"_kadence_starter_templates_imported_post":false,"_kad_post_transparent":"","_kad_post_title":"hide","_kad_post_layout":"fullwidth","_kad_post_sidebar_id":"","_kad_post_content_style":"unboxed","_kad_post_vertical_padding":"hide","_kad_post_feature":"hide","_kad_post_feature_position":"","_kad_post_header":false,"_kad_post_footer":false,"footnotes":""},"class_list":["post-1225","page","type-page","status-publish","hentry"],"yoast_head":"<!-- This site is optimized with the Yoast SEO plugin v27.2 - https:\/\/yoast.com\/product\/yoast-seo-wordpress\/ -->\n<title>P\u0142yty DVD-R z nadrukiem UV - OptimalDruk<\/title>\n<meta name=\"description\" content=\"Nadruk na p\u0142ytach dvd w najwy\u017cszej jako\u015bci, druk UV zapewnia d\u0142ugoletni\u0105 ochron\u0119 p\u0142yty jak wysok\u0105 g\u0142\u0119bi\u0119 kolor\u00f3w. Drukujemy ju\u017c od 1 sztuki\" \/>\n<meta name=\"robots\" content=\"index, follow, max-snippet:-1, max-image-preview:large, max-video-preview:-1\" \/>\n<link rel=\"canonical\" href=\"https:\/\/optimaldruk.com\/?page_id=1225\" \/>\n<meta property=\"og:locale\" content=\"pl_PL\" \/>\n<meta property=\"og:type\" content=\"article\" \/>\n<meta property=\"og:title\" content=\"P\u0142yty DVD-R z nadrukiem UV - OptimalDruk\" \/>\n<meta property=\"og:description\" content=\"Nadruk na p\u0142ytach dvd w najwy\u017cszej jako\u015bci, druk UV zapewnia d\u0142ugoletni\u0105 ochron\u0119 p\u0142yty jak wysok\u0105 g\u0142\u0119bi\u0119 kolor\u00f3w. Drukujemy ju\u017c od 1 sztuki\" \/>\n<meta property=\"og:url\" content=\"https:\/\/optimaldruk.com\/?page_id=1225\" \/>\n<meta property=\"og:site_name\" content=\"OptimalDruk\" \/>\n<meta property=\"article:modified_time\" content=\"2024-03-06T16:22:51+00:00\" \/>\n<meta property=\"og:image\" content=\"https:\/\/optimaldruk.com\/wp-content\/uploads\/2023\/10\/dvd.jpg\" \/>\n<meta name=\"twitter:card\" content=\"summary_large_image\" \/>\n<meta name=\"twitter:label1\" content=\"Szacowany czas czytania\" \/>\n\t<meta name=\"twitter:data1\" content=\"1 minuta\" \/>\n<script type=\"application\/ld+json\" class=\"yoast-schema-graph\">{\"@context\":\"https:\/\/schema.org\",\"@graph\":[{\"@type\":\"WebPage\",\"@id\":\"https:\/\/optimaldruk.com\/?page_id=1225\",\"url\":\"https:\/\/optimaldruk.com\/?page_id=1225\",\"name\":\"P\u0142yty DVD-R z nadrukiem UV - OptimalDruk\",\"isPartOf\":{\"@id\":\"https:\/\/optimaldruk.com\/#website\"},\"primaryImageOfPage\":{\"@id\":\"https:\/\/optimaldruk.com\/?page_id=1225#primaryimage\"},\"image\":{\"@id\":\"https:\/\/optimaldruk.com\/?page_id=1225#primaryimage\"},\"thumbnailUrl\":\"https:\/\/optimaldruk.com\/wp-content\/uploads\/2023\/10\/dvd.jpg\",\"datePublished\":\"2023-10-09T15:07:29+00:00\",\"dateModified\":\"2024-03-06T16:22:51+00:00\",\"description\":\"Nadruk na p\u0142ytach dvd w najwy\u017cszej jako\u015bci, druk UV zapewnia d\u0142ugoletni\u0105 ochron\u0119 p\u0142yty jak wysok\u0105 g\u0142\u0119bi\u0119 kolor\u00f3w. Drukujemy ju\u017c od 1 sztuki\",\"breadcrumb\":{\"@id\":\"https:\/\/optimaldruk.com\/?page_id=1225#breadcrumb\"},\"inLanguage\":\"pl-PL\",\"potentialAction\":[{\"@type\":\"ReadAction\",\"target\":[\"https:\/\/optimaldruk.com\/?page_id=1225\"]}]},{\"@type\":\"ImageObject\",\"inLanguage\":\"pl-PL\",\"@id\":\"https:\/\/optimaldruk.com\/?page_id=1225#primaryimage\",\"url\":\"https:\/\/optimaldruk.com\/wp-content\/uploads\/2023\/10\/dvd.jpg\",\"contentUrl\":\"https:\/\/optimaldruk.com\/wp-content\/uploads\/2023\/10\/dvd.jpg\",\"width\":601,\"height\":461},{\"@type\":\"BreadcrumbList\",\"@id\":\"https:\/\/optimaldruk.com\/?page_id=1225#breadcrumb\",\"itemListElement\":[{\"@type\":\"ListItem\",\"position\":1,\"name\":\"Strona g\u0142\u00f3wna\",\"item\":\"https:\/\/optimaldruk.com\/\"},{\"@type\":\"ListItem\",\"position\":2,\"name\":\"P\u0142yty DVD-R z nadrukiem UV\"}]},{\"@type\":\"WebSite\",\"@id\":\"https:\/\/optimaldruk.com\/#website\",\"url\":\"https:\/\/optimaldruk.com\/\",\"name\":\"OptimalDruk\",\"description\":\"Drukarnia cyfrowa nadruk na p\u0142ytach cd-r, dvd-r, nadruk na koszulkach, poligrafia, druk na drewnie, metalu, PCV\",\"publisher\":{\"@id\":\"https:\/\/optimaldruk.com\/#organization\"},\"alternateName\":\"Internetowa Drukarnia Cyfrowa\",\"potentialAction\":[{\"@type\":\"SearchAction\",\"target\":{\"@type\":\"EntryPoint\",\"urlTemplate\":\"https:\/\/optimaldruk.com\/?s={search_term_string}\"},\"query-input\":{\"@type\":\"PropertyValueSpecification\",\"valueRequired\":true,\"valueName\":\"search_term_string\"}}],\"inLanguage\":\"pl-PL\"},{\"@type\":\"Organization\",\"@id\":\"https:\/\/optimaldruk.com\/#organization\",\"name\":\"OptimalDruk\",\"alternateName\":\"Internetowa Drukarnia Cyfrowa\",\"url\":\"https:\/\/optimaldruk.com\/\",\"logo\":{\"@type\":\"ImageObject\",\"inLanguage\":\"pl-PL\",\"@id\":\"https:\/\/optimaldruk.com\/#\/schema\/logo\/image\/\",\"url\":\"https:\/\/optimaldruk.com\/wp-content\/uploads\/2023\/10\/logo-glebia-male.jpg\",\"contentUrl\":\"https:\/\/optimaldruk.com\/wp-content\/uploads\/2023\/10\/logo-glebia-male.jpg\",\"width\":157,\"height\":157,\"caption\":\"OptimalDruk\"},\"image\":{\"@id\":\"https:\/\/optimaldruk.com\/#\/schema\/logo\/image\/\"}}]}<\/script>\n<!-- \/ Yoast SEO plugin. -->","yoast_head_json":{"title":"P\u0142yty DVD-R z nadrukiem UV - OptimalDruk","description":"Nadruk na p\u0142ytach dvd w najwy\u017cszej jako\u015bci, druk UV zapewnia d\u0142ugoletni\u0105 ochron\u0119 p\u0142yty jak wysok\u0105 g\u0142\u0119bi\u0119 kolor\u00f3w. Drukujemy ju\u017c od 1 sztuki","robots":{"index":"index","follow":"follow","max-snippet":"max-snippet:-1","max-image-preview":"max-image-preview:large","max-video-preview":"max-video-preview:-1"},"canonical":"https:\/\/optimaldruk.com\/?page_id=1225","og_locale":"pl_PL","og_type":"article","og_title":"P\u0142yty DVD-R z nadrukiem UV - OptimalDruk","og_description":"Nadruk na p\u0142ytach dvd w najwy\u017cszej jako\u015bci, druk UV zapewnia d\u0142ugoletni\u0105 ochron\u0119 p\u0142yty jak wysok\u0105 g\u0142\u0119bi\u0119 kolor\u00f3w. Drukujemy ju\u017c od 1 sztuki","og_url":"https:\/\/optimaldruk.com\/?page_id=1225","og_site_name":"OptimalDruk","article_modified_time":"2024-03-06T16:22:51+00:00","og_image":[{"url":"https:\/\/optimaldruk.com\/wp-content\/uploads\/2023\/10\/dvd.jpg","type":"","width":"","height":""}],"twitter_card":"summary_large_image","twitter_misc":{"Szacowany czas czytania":"1 minuta"},"schema":{"@context":"https:\/\/schema.org","@graph":[{"@type":"WebPage","@id":"https:\/\/optimaldruk.com\/?page_id=1225","url":"https:\/\/optimaldruk.com\/?page_id=1225","name":"P\u0142yty DVD-R z nadrukiem UV - OptimalDruk","isPartOf":{"@id":"https:\/\/optimaldruk.com\/#website"},"primaryImageOfPage":{"@id":"https:\/\/optimaldruk.com\/?page_id=1225#primaryimage"},"image":{"@id":"https:\/\/optimaldruk.com\/?page_id=1225#primaryimage"},"thumbnailUrl":"https:\/\/optimaldruk.com\/wp-content\/uploads\/2023\/10\/dvd.jpg","datePublished":"2023-10-09T15:07:29+00:00","dateModified":"2024-03-06T16:22:51+00:00","description":"Nadruk na p\u0142ytach dvd w najwy\u017cszej jako\u015bci, druk UV zapewnia d\u0142ugoletni\u0105 ochron\u0119 p\u0142yty jak wysok\u0105 g\u0142\u0119bi\u0119 kolor\u00f3w. Drukujemy ju\u017c od 1 sztuki","breadcrumb":{"@id":"https:\/\/optimaldruk.com\/?page_id=1225#breadcrumb"},"inLanguage":"pl-PL","potentialAction":[{"@type":"ReadAction","target":["https:\/\/optimaldruk.com\/?page_id=1225"]}]},{"@type":"ImageObject","inLanguage":"pl-PL","@id":"https:\/\/optimaldruk.com\/?page_id=1225#primaryimage","url":"https:\/\/optimaldruk.com\/wp-content\/uploads\/2023\/10\/dvd.jpg","contentUrl":"https:\/\/optimaldruk.com\/wp-content\/uploads\/2023\/10\/dvd.jpg","width":601,"height":461},{"@type":"BreadcrumbList","@id":"https:\/\/optimaldruk.com\/?page_id=1225#breadcrumb","itemListElement":[{"@type":"ListItem","position":1,"name":"Strona g\u0142\u00f3wna","item":"https:\/\/optimaldruk.com\/"},{"@type":"ListItem","position":2,"name":"P\u0142yty DVD-R z nadrukiem UV"}]},{"@type":"WebSite","@id":"https:\/\/optimaldruk.com\/#website","url":"https:\/\/optimaldruk.com\/","name":"OptimalDruk","description":"Drukarnia cyfrowa nadruk na p\u0142ytach cd-r, dvd-r, nadruk na koszulkach, poligrafia, druk na drewnie, metalu, PCV","publisher":{"@id":"https:\/\/optimaldruk.com\/#organization"},"alternateName":"Internetowa Drukarnia Cyfrowa","potentialAction":[{"@type":"SearchAction","target":{"@type":"EntryPoint","urlTemplate":"https:\/\/optimaldruk.com\/?s={search_term_string}"},"query-input":{"@type":"PropertyValueSpecification","valueRequired":true,"valueName":"search_term_string"}}],"inLanguage":"pl-PL"},{"@type":"Organization","@id":"https:\/\/optimaldruk.com\/#organization","name":"OptimalDruk","alternateName":"Internetowa Drukarnia Cyfrowa","url":"https:\/\/optimaldruk.com\/","logo":{"@type":"ImageObject","inLanguage":"pl-PL","@id":"https:\/\/optimaldruk.com\/#\/schema\/logo\/image\/","url":"https:\/\/optimaldruk.com\/wp-content\/uploads\/2023\/10\/logo-glebia-male.jpg","contentUrl":"https:\/\/optimaldruk.com\/wp-content\/uploads\/2023\/10\/logo-glebia-male.jpg","width":157,"height":157,"caption":"OptimalDruk"},"image":{"@id":"https:\/\/optimaldruk.com\/#\/schema\/logo\/image\/"}}]}},"jetpack_sharing_enabled":true,"_links":{"self":[{"href":"https:\/\/optimaldruk.com\/index.php?rest_route=\/wp\/v2\/pages\/1225","targetHints":{"allow":["GET"]}}],"collection":[{"href":"https:\/\/optimaldruk.com\/index.php?rest_route=\/wp\/v2\/pages"}],"about":[{"href":"https:\/\/optimaldruk.com\/index.php?rest_route=\/wp\/v2\/types\/page"}],"author":[{"embeddable":true,"href":"https:\/\/optimaldruk.com\/index.php?rest_route=\/wp\/v2\/users\/1"}],"replies":[{"embeddable":true,"href":"https:\/\/optimaldruk.com\/index.php?rest_route=%2Fwp%2Fv2%2Fcomments&post=1225"}],"version-history":[{"count":23,"href":"https:\/\/optimaldruk.com\/index.php?rest_route=\/wp\/v2\/pages\/1225\/revisions"}],"predecessor-version":[{"id":1810,"href":"https:\/\/optimaldruk.com\/index.php?rest_route=\/wp\/v2\/pages\/1225\/revisions\/1810"}],"wp:attachment":[{"href":"https:\/\/optimaldruk.com\/index.php?rest_route=%2Fwp%2Fv2%2Fmedia&parent=1225"}],"curies":[{"name":"wp","href":"https:\/\/api.w.org\/{rel}","templated":true}]}}